{"id":5885,"date":"2022-12-01T14:44:28","date_gmt":"2022-12-01T14:44:28","guid":{"rendered":"https:\/\/www.amhocon.de\/amhocon\/"},"modified":"2023-06-13T09:18:11","modified_gmt":"2023-06-13T09:18:11","slug":"amhocon","status":"publish","type":"page","link":"https:\/\/www.amhocon.de\/en\/amhocon\/","title":{"rendered":"AMHOCON"},"content":{"rendered":"\t\t<div data-elementor-type=\"wp-page\" data-elementor-id=\"5885\" class=\"elementor elementor-5885 elementor-5348\">\n\t\t\t\t\t\t\t        <section class=\"elementor-section elementor-top-section elementor-element elementor-element-595e705 elementor-section-content-middle elementor-section-boxed elementor-section-height-default elementor-section-height-default ct-header-fixed-none ct-row-max-none\" data-id=\"595e705\" data-element_type=\"section\" data-settings=\"{&quot;background_background&quot;:&quot;classic&quot;}\">\n            \n                        <div class=\"elementor-container elementor-column-gap-extended \">\n                    <div class=\"elementor-column elementor-col-50 elementor-top-column elementor-element elementor-element-fbf6e39\" data-id=\"fbf6e39\" data-element_type=\"column\">\n            <div class=\"elementor-widget-wrap elementor-element-populated\">\n                        \t\t<div class=\"elementor-element elementor-element-e58aff6 elementor-widget elementor-widget-ct_heading\" data-id=\"e58aff6\" data-element_type=\"widget\" data-widget_type=\"ct_heading.default\">\n\t\t\t\t<div class=\"elementor-widget-container\">\n\t\t\t<div id=\"ct_heading-e58aff6\" class=\"ct-heading h-align- sub-style1 ct-heading-left item-st-line-left2\">\r\n\t<div class=\"ct-item--inner\">\r\n        <div class=\"ct-inline-css\"  data-css=\"\r\n            \">\r\n        <\/div>\r\n                <h3 class=\"item--title st-line-left2 case-animate-time\" data-wow-delay=\"ms\">\r\n                        <span class=\"sp-main\">\r\n                                    <i><\/i>\r\n                \r\n                Gr\u00fcndung in 20145\r\n                \r\n                            <\/span>\r\n                    <\/h3>\r\n    <\/div>\r\n<\/div>\t\t<\/div>\n\t\t\t\t<\/div>\n\t\t            <\/div>\n        <\/div>\n                <div class=\"elementor-column elementor-col-50 elementor-top-column elementor-element elementor-element-a7798a0\" data-id=\"a7798a0\" data-element_type=\"column\">\n            <div class=\"elementor-widget-wrap elementor-element-populated\">\n                        \t\t<div class=\"elementor-element elementor-element-e0431d0 elementor-widget elementor-widget-text-editor\" data-id=\"e0431d0\" data-element_type=\"widget\" data-widget_type=\"text-editor.default\">\n\t\t\t\t<div class=\"elementor-widget-container\">\n\t\t\t<style>\/*! elementor - v3.13.3 - 28-05-2023 *\/\n.elementor-widget-text-editor.elementor-drop-cap-view-stacked .elementor-drop-cap{background-color:#69727d;color:#fff}.elementor-widget-text-editor.elementor-drop-cap-view-framed .elementor-drop-cap{color:#69727d;border:3px solid;background-color:transparent}.elementor-widget-text-editor:not(.elementor-drop-cap-view-default) .elementor-drop-cap{margin-top:8px}.elementor-widget-text-editor:not(.elementor-drop-cap-view-default) .elementor-drop-cap-letter{width:1em;height:1em}.elementor-widget-text-editor .elementor-drop-cap{float:left;text-align:center;line-height:1;font-size:50px}.elementor-widget-text-editor .elementor-drop-cap-letter{display:inline-block}<\/style>\t\t\t\t<h4>Wenn irgendwo im Leben eine T\u00fcr zugeht, geht woanders eine neue T\u00fcr auf.<\/h4><p>Dieses Sprichwort traf auch auf die Gr\u00fcndung der AMHOCON Management &amp; Consulting GmbH zu: Nach zw\u00f6lf Jahren im B\u00fcrgermeisteramt der Stadt Taunusstein entschieden sich Michael und Andrea Hofnagel im Jahr 2014 einen neuen Weg zu gehen und gr\u00fcndeten die AMHOCON Management &amp; Consulting GmbH.<\/p><p>Der weitreichende Erfahrungsschatz aus Wirtschaft, Politik und Kommunalt\u00e4tigkeit verbunden mit einem ausgepr\u00e4gten, gepflegten und belastbaren Netzwerk bildet die Basis f\u00fcr unsere Beratungsleistungen. Im Gespr\u00e4ch mit unseren Kunden und Mandanten erfassen und analysieren wir deren Herausforderungen auf Augenh\u00f6he, liefern kreative L\u00f6sungsans\u00e4tze und unterst\u00fctzen bei deren Umsetzung.<\/p>\t\t\t\t\t\t<\/div>\n\t\t\t\t<\/div>\n\t\t            <\/div>\n        <\/div>\n                            <\/div>\n        <\/section>\n                <section class=\"elementor-section elementor-top-section elementor-element elementor-element-6a8d88f elementor-section-boxed elementor-section-height-default elementor-section-height-default ct-header-fixed-none ct-row-max-none\" data-id=\"6a8d88f\" data-element_type=\"section\">\n            \n                        <div class=\"elementor-container elementor-column-gap-extended \">\n                    <div class=\"elementor-column elementor-col-100 elementor-top-column elementor-element elementor-element-0f620d2\" data-id=\"0f620d2\" data-element_type=\"column\">\n            <div class=\"elementor-widget-wrap elementor-element-populated\">\n                                <section class=\"elementor-section elementor-inner-section elementor-element elementor-element-220466f elementor-section-boxed elementor-section-height-default elementor-section-height-default ct-header-fixed-none ct-row-max-none\" data-id=\"220466f\" data-element_type=\"section\">\n            \n                        <div class=\"elementor-container elementor-column-gap-default \">\n                    <div class=\"elementor-column elementor-col-50 elementor-inner-column elementor-element elementor-element-3096695\" data-id=\"3096695\" data-element_type=\"column\">\n            <div class=\"elementor-widget-wrap elementor-element-populated\">\n                        \t\t<div class=\"elementor-element elementor-element-2cd6a8d elementor-widget elementor-widget-text-editor\" data-id=\"2cd6a8d\" data-element_type=\"widget\" data-widget_type=\"text-editor.default\">\n\t\t\t\t<div class=\"elementor-widget-container\">\n\t\t\t\t\t\t\t<p><b>Jahrgang 1968<\/b><\/p><p><b>Gesch\u00e4ftsf\u00fchrender Gesellschafter<br \/>der AMHOCON Management &amp; Consulting GmbH<\/b><br \/>Consulting im \u00f6ffentlichen Sektor. T\u00e4tigkeit f\u00fcr Kommunen, kommunale Betriebe und Institutionen, Hochschulen, Schulen, Ministerien und sonstige Beh\u00f6rden von Land und Bund. Externer Pr\u00fcfungsbeauftragter des Hessischen Landesrechnungshofs in der \u00dcber\u00f6rtlichen Pr\u00fcfung kommunaler K\u00f6rperschaften (\u00dcPKK).<\/p><p><b>Partner der PERICON Unternehmensberatung GmbH<\/b><br \/>Nachfolgeberatung f\u00fcr kleine und mittelst\u00e4ndische Unternehmen. Managementberatung, Organisationsentwicklung, Personalmanagement und -suche. Krisenmanagement, Sanierung, Interimsmanagement und Restrukturierung.<\/p><p><b>B\u00fcrgermeister a. D. der Stadt Taunusstein<\/b><br \/>Direkt gew\u00e4hlter B\u00fcrgermeister, Personal- und Baudezernent, sowie K\u00e4mmerer der gr\u00f6\u00dften Stadt im Rheingau-Taunus Kreis. Schwerpunkte in der Verwaltungsmodernisierung, Einf\u00fchrung der Doppik\/NKS, Interkommunaler Zusammenarbeit (IKZ), Stadtentwicklung, Digitalisierung und Gewerbef\u00f6rderung.<\/p><p><b>Ehemals Prokurist, stellvertretender Leiter Aus- und Weiterbildung sowie und Leiter f\u00fcr indirekten Vertrieb und Marketing eines internationalen Kreditversicherers<\/b><\/p><p><b>Ausbildung: <br \/>Diplom-Betriebswirt mit den Schwerpunkten Personalmanagement, Bankmanagement, Vertrieb &amp; Marketing, Verkaufstrainer, Versicherungskaufmann (IHK)<\/b><\/p>\t\t\t\t\t\t<\/div>\n\t\t\t\t<\/div>\n\t\t            <\/div>\n        <\/div>\n                <div class=\"elementor-column elementor-col-50 elementor-inner-column elementor-element elementor-element-9b0762c\" data-id=\"9b0762c\" data-element_type=\"column\">\n            <div class=\"elementor-widget-wrap elementor-element-populated\">\n                        \t\t<div class=\"elementor-element elementor-element-b04f046 elementor-widget elementor-widget-ct_banner\" data-id=\"b04f046\" data-element_type=\"widget\" data-widget_type=\"ct_banner.default\">\n\t\t\t\t<div class=\"elementor-widget-container\">\n\t\t\t<div class=\"ct-banner1 \" data-wow-delay=\"ms\">\r\n\t<div class=\"ct-banner-imge\">\r\n    \t<img decoding=\"async\" width=\"1553\" height=\"1934\" src=\"https:\/\/www.amhocon.de\/wp-content\/uploads\/2019\/11\/MHO-2017-1-1-1.jpeg\" class=\"attachment-full size-full wp-image-5122\" alt=\"\" srcset=\"https:\/\/www.amhocon.de\/wp-content\/uploads\/2019\/11\/MHO-2017-1-1-1.jpeg 1553w, https:\/\/www.amhocon.de\/wp-content\/uploads\/2019\/11\/MHO-2017-1-1-1-241x300.jpeg 241w, https:\/\/www.amhocon.de\/wp-content\/uploads\/2019\/11\/MHO-2017-1-1-1-822x1024.jpeg 822w, https:\/\/www.amhocon.de\/wp-content\/uploads\/2019\/11\/MHO-2017-1-1-1-768x956.jpeg 768w, https:\/\/www.amhocon.de\/wp-content\/uploads\/2019\/11\/MHO-2017-1-1-1-1233x1536.jpeg 1233w\" sizes=\"(max-width: 1553px) 100vw, 1553px\" \/>        <h3 class=\"ct-banner-title\">Michael Hofnagel<\/h3>\r\n    <\/div>\r\n<\/div>\t\t<\/div>\n\t\t\t\t<\/div>\n\t\t            <\/div>\n        <\/div>\n                            <\/div>\n        <\/section>\n                    <\/div>\n        <\/div>\n                            <\/div>\n        <\/section>\n                <section class=\"elementor-section elementor-top-section elementor-element elementor-element-7a0f9a7 elementor-section-boxed elementor-section-height-default elementor-section-height-default ct-header-fixed-none ct-row-max-none\" data-id=\"7a0f9a7\" data-element_type=\"section\">\n            \n                        <div class=\"elementor-container elementor-column-gap-extended \">\n                    <div class=\"elementor-column elementor-col-100 elementor-top-column elementor-element elementor-element-be03381\" data-id=\"be03381\" data-element_type=\"column\">\n            <div class=\"elementor-widget-wrap elementor-element-populated\">\n                                <section class=\"elementor-section elementor-inner-section elementor-element elementor-element-4a09091 elementor-section-boxed elementor-section-height-default elementor-section-height-default ct-header-fixed-none ct-row-max-none\" data-id=\"4a09091\" data-element_type=\"section\">\n            \n                        <div class=\"elementor-container elementor-column-gap-default \">\n                    <div class=\"elementor-column elementor-col-50 elementor-inner-column elementor-element elementor-element-e01d602\" data-id=\"e01d602\" data-element_type=\"column\">\n            <div class=\"elementor-widget-wrap elementor-element-populated\">\n                        \t\t<div class=\"elementor-element elementor-element-5f3fb3e elementor-widget elementor-widget-text-editor\" data-id=\"5f3fb3e\" data-element_type=\"widget\" data-widget_type=\"text-editor.default\">\n\t\t\t\t<div class=\"elementor-widget-container\">\n\t\t\t\t\t\t\t<p><b>Jahrgang 1968<\/b><\/p><p><b>Gesch\u00e4ftsf\u00fchrende Gesellschafterin<br \/>der AMHOCON Management &amp; Consulting GmbH<\/b><br \/>Consulting in den Bereichen Personal, Softwareimplementierung und Marktforschung. Externe Pr\u00fcfungsbeauftragte des Hessischen Landesrechnungshofs in der 235. \u00dcber\u00f6rtlichen Pr\u00fcfung kommunaler K\u00f6rperschaften (\u00dcPKK), Spezialbereich \u00f6ffentliche Spielpl\u00e4tze.<\/p><p><b>Partnerin bei Market Control S.L.U.<\/b><br \/>Leitung der Bereiche HR und Finance, Consulting im Segment Marktforschung.<\/p><p><b>Ausbildung: <br \/>Diplom-Betriebswirtin International Business Administration,<br \/>Zertifizierte Spielplatzpr\u00fcferin (FFL\/BSFH),<br \/>Projektmanagement-Fachfrau (RKW\/GPM),<br \/>Ausbilderschein (IHK), Bankkauffrau (IHK)<\/b><\/p><p><b>Sprachen: Englisch, Spanisch, Italienisch<\/b><\/p>\t\t\t\t\t\t<\/div>\n\t\t\t\t<\/div>\n\t\t            <\/div>\n        <\/div>\n                <div class=\"elementor-column elementor-col-50 elementor-inner-column elementor-element elementor-element-50e5cfd\" data-id=\"50e5cfd\" data-element_type=\"column\">\n            <div class=\"elementor-widget-wrap elementor-element-populated\">\n                        \t\t<div class=\"elementor-element elementor-element-b4677d7 elementor-widget elementor-widget-ct_banner\" data-id=\"b4677d7\" data-element_type=\"widget\" data-widget_type=\"ct_banner.default\">\n\t\t\t\t<div class=\"elementor-widget-container\">\n\t\t\t<div class=\"ct-banner1 \" data-wow-delay=\"ms\">\r\n\t<div class=\"ct-banner-imge\">\r\n    \t<img decoding=\"async\" width=\"1553\" height=\"1934\" src=\"https:\/\/www.amhocon.de\/wp-content\/uploads\/2019\/11\/Andrea2-1-1.jpeg\" class=\"attachment-full size-full wp-image-5121\" alt=\"\" srcset=\"https:\/\/www.amhocon.de\/wp-content\/uploads\/2019\/11\/Andrea2-1-1.jpeg 1553w, https:\/\/www.amhocon.de\/wp-content\/uploads\/2019\/11\/Andrea2-1-1-241x300.jpeg 241w, https:\/\/www.amhocon.de\/wp-content\/uploads\/2019\/11\/Andrea2-1-1-822x1024.jpeg 822w, https:\/\/www.amhocon.de\/wp-content\/uploads\/2019\/11\/Andrea2-1-1-768x956.jpeg 768w, https:\/\/www.amhocon.de\/wp-content\/uploads\/2019\/11\/Andrea2-1-1-1233x1536.jpeg 1233w\" sizes=\"(max-width: 1553px) 100vw, 1553px\" \/>        <h3 class=\"ct-banner-title\">Andrea Hofnagel<\/h3>\r\n    <\/div>\r\n<\/div>\t\t<\/div>\n\t\t\t\t<\/div>\n\t\t            <\/div>\n        <\/div>\n                            <\/div>\n        <\/section>\n                    <\/div>\n        <\/div>\n                            <\/div>\n        <\/section>\n        \t\t\t\t\t<\/div>\n\t\t","protected":false},"excerpt":{"rendered":"<p>Gr\u00fcndung in 20145 Wenn irgendwo im Leben eine T\u00fcr zugeht, geht woanders eine neue T\u00fcr auf. Dieses Sprichwort traf auch auf die Gr\u00fcndung der AMHOCON Management &amp; Consulting GmbH zu: Nach zw\u00f6lf Jahren im B\u00fcrgermeisteramt der Stadt Taunusstein entschieden sich Michael und Andrea Hofnagel im Jahr 2014 einen neuen Weg zu gehen und gr\u00fcndeten die [&hellip;]<\/p>\n","protected":false},"author":1,"featured_media":0,"parent":0,"menu_order":0,"comment_status":"closed","ping_status":"closed","template":"","meta":{"footnotes":""},"class_list":["post-5885","page","type-page","status-publish","hentry"],"_links":{"self":[{"href":"https:\/\/www.amhocon.de\/en\/wp-json\/wp\/v2\/pages\/5885","targetHints":{"allow":["GET"]}}],"collection":[{"href":"https:\/\/www.amhocon.de\/en\/wp-json\/wp\/v2\/pages"}],"about":[{"href":"https:\/\/www.amhocon.de\/en\/wp-json\/wp\/v2\/types\/page"}],"author":[{"embeddable":true,"href":"https:\/\/www.amhocon.de\/en\/wp-json\/wp\/v2\/users\/1"}],"replies":[{"embeddable":true,"href":"https:\/\/www.amhocon.de\/en\/wp-json\/wp\/v2\/comments?post=5885"}],"version-history":[{"count":4,"href":"https:\/\/www.amhocon.de\/en\/wp-json\/wp\/v2\/pages\/5885\/revisions"}],"predecessor-version":[{"id":5935,"href":"https:\/\/www.amhocon.de\/en\/wp-json\/wp\/v2\/pages\/5885\/revisions\/5935"}],"wp:attachment":[{"href":"https:\/\/www.amhocon.de\/en\/wp-json\/wp\/v2\/media?parent=5885"}],"curies":[{"name":"wp","href":"https:\/\/api.w.org\/{rel}","templated":true}]}}