{"id":5887,"date":"2022-11-15T14:29:46","date_gmt":"2022-11-15T14:29:46","guid":{"rendered":"https:\/\/www.amhocon.de\/amhocon\/unsere-partner\/"},"modified":"2023-06-12T10:27:34","modified_gmt":"2023-06-12T10:27:34","slug":"unsere-partner","status":"publish","type":"page","link":"https:\/\/www.amhocon.de\/en\/amhocon\/unsere-partner\/","title":{"rendered":"Unsere Partner"},"content":{"rendered":"\t\t<div data-elementor-type=\"wp-page\" data-elementor-id=\"5887\" class=\"elementor elementor-5887 elementor-5175\">\n\t\t\t\t\t\t\t        <section class=\"elementor-section elementor-top-section elementor-element elementor-element-595e705 elementor-section-content-middle elementor-section-boxed elementor-section-height-default elementor-section-height-default ct-header-fixed-none ct-row-max-none\" data-id=\"595e705\" data-element_type=\"section\">\n            \n                        <div class=\"elementor-container elementor-column-gap-extended \">\n                    <div class=\"elementor-column elementor-col-50 elementor-top-column elementor-element elementor-element-fbf6e39\" data-id=\"fbf6e39\" data-element_type=\"column\">\n            <div class=\"elementor-widget-wrap elementor-element-populated\">\n                        \t\t<div class=\"elementor-element elementor-element-e58aff6 elementor-widget elementor-widget-ct_heading\" data-id=\"e58aff6\" data-element_type=\"widget\" data-widget_type=\"ct_heading.default\">\n\t\t\t\t<div class=\"elementor-widget-container\">\n\t\t\t<div id=\"ct_heading-e58aff6\" class=\"ct-heading h-align- sub-style1 ct-heading-left item-st-line-left2\">\r\n\t<div class=\"ct-item--inner\">\r\n        <div class=\"ct-inline-css\"  data-css=\"\r\n            \">\r\n        <\/div>\r\n                <h3 class=\"item--title st-line-left2 case-animate-time\" data-wow-delay=\"ms\">\r\n                        <span class=\"sp-main\">\r\n                                    <i><\/i>\r\n                \r\n                Unsere Partner\r\n                \r\n                            <\/span>\r\n                    <\/h3>\r\n    <\/div>\r\n<\/div>\t\t<\/div>\n\t\t\t\t<\/div>\n\t\t            <\/div>\n        <\/div>\n                <div class=\"elementor-column elementor-col-50 elementor-top-column elementor-element elementor-element-0bac2d3\" data-id=\"0bac2d3\" data-element_type=\"column\">\n            <div class=\"elementor-widget-wrap elementor-element-populated\">\n                        \t\t<div class=\"elementor-element elementor-element-64b4dfa elementor-widget elementor-widget-text-editor\" data-id=\"64b4dfa\" data-element_type=\"widget\" data-widget_type=\"text-editor.default\">\n\t\t\t\t<div class=\"elementor-widget-container\">\n\t\t\t<style>\/*! elementor - v3.13.3 - 28-05-2023 *\/\n.elementor-widget-text-editor.elementor-drop-cap-view-stacked .elementor-drop-cap{background-color:#69727d;color:#fff}.elementor-widget-text-editor.elementor-drop-cap-view-framed .elementor-drop-cap{color:#69727d;border:3px solid;background-color:transparent}.elementor-widget-text-editor:not(.elementor-drop-cap-view-default) .elementor-drop-cap{margin-top:8px}.elementor-widget-text-editor:not(.elementor-drop-cap-view-default) .elementor-drop-cap-letter{width:1em;height:1em}.elementor-widget-text-editor .elementor-drop-cap{float:left;text-align:center;line-height:1;font-size:50px}.elementor-widget-text-editor .elementor-drop-cap-letter{display:inline-block}<\/style>\t\t\t\t<p>Netzwerken ist eine unserer St\u00e4rken. <br \/>Doch erfolgreich k\u00f6nnen wir nur dank starker Partner sein. <br \/>Hier finden Sie einige Beispiele f\u00fcr unser langj\u00e4hrigen Kooperationen:<\/p>\t\t\t\t\t\t<\/div>\n\t\t\t\t<\/div>\n\t\t            <\/div>\n        <\/div>\n                            <\/div>\n        <\/section>\n                <section class=\"elementor-section elementor-top-section elementor-element elementor-element-6a8d88f elementor-section-boxed elementor-section-height-default elementor-section-height-default ct-header-fixed-none ct-row-max-none\" data-id=\"6a8d88f\" data-element_type=\"section\">\n            \n                        <div class=\"elementor-container elementor-column-gap-extended \">\n                    <div class=\"elementor-column elementor-col-100 elementor-top-column elementor-element elementor-element-0f620d2\" data-id=\"0f620d2\" data-element_type=\"column\">\n            <div class=\"elementor-widget-wrap elementor-element-populated\">\n                        \t\t<div class=\"elementor-element elementor-element-1d60748 elementor-widget elementor-widget-ct_career_grid\" data-id=\"1d60748\" data-element_type=\"widget\" data-widget_type=\"ct_career_grid.default\">\n\t\t\t\t<div class=\"elementor-widget-container\">\n\t\t\t    <div class=\"ct-grid ct-career-grid1\">\r\n        <div class=\"ct-grid-inner ct-grid-masonry row animate-time\" data-gutter=\"7\">\r\n                            <div class=\"grid-item col-xl-12 col-lg-12 col-md-12 col-sm-12 col-12\">\r\n                    <div class=\"item--inner \">\r\n                        <div class=\"item--holder\">\r\n                        \t                                <div class=\"item--image\">\r\n                                    <a ><\/a>\r\n                                <\/div>\r\n                                                        <div class=\"item--meta\">\r\n                                <h3 class=\"item--title\">    \r\n                                    BAFA                                <\/h3>\r\n                                <ul class=\"item--feature\">\r\n                                                                    <\/ul>\r\n                            <\/div>\r\n                        <\/div>\r\n                        <div class=\"item-desc\">Wir erf\u00fcllen die Beratereigenschaft im Sinne der aktuellen Rahmenrichtlinie zur F\u00f6rderung unternehmerischen Know-hows des Bundesamts f\u00fcr Wirtschaft und Ausfuhrkontrolle.<\/div>\r\n                                           <\/div>\r\n                <\/div>\r\n                            <div class=\"grid-item col-xl-12 col-lg-12 col-md-12 col-sm-12 col-12\">\r\n                    <div class=\"item--inner \">\r\n                        <div class=\"item--holder\">\r\n                        \t                                <div class=\"item--image\">\r\n                                    <a ><\/a>\r\n                                <\/div>\r\n                                                        <div class=\"item--meta\">\r\n                                <h3 class=\"item--title\">    \r\n                                    BDU                                <\/h3>\r\n                                <ul class=\"item--feature\">\r\n                                                                    <\/ul>\r\n                            <\/div>\r\n                        <\/div>\r\n                        <div class=\"item-desc\">Wir sind Mitglied des Bundesverbands Deutscher Unternehmensberatungen und arbeiten gem\u00e4\u00df der BDU-Berufsgrunds\u00e4tze. Zudem engagieren wir uns in diversen Fachverb\u00e4nden, so dem Fachverband f\u00fcr Gr\u00fcndung-, Entwicklung und Nachfolge.<\/div>\r\n                                           <\/div>\r\n                <\/div>\r\n                            <div class=\"grid-item col-xl-12 col-lg-12 col-md-12 col-sm-12 col-12\">\r\n                    <div class=\"item--inner \">\r\n                        <div class=\"item--holder\">\r\n                        \t                                <div class=\"item--image\">\r\n                                    <a ><\/a>\r\n                                <\/div>\r\n                                                        <div class=\"item--meta\">\r\n                                <h3 class=\"item--title\">    \r\n                                    EXPERTUM                                <\/h3>\r\n                                <ul class=\"item--feature\">\r\n                                                                    <\/ul>\r\n                            <\/div>\r\n                        <\/div>\r\n                        <div class=\"item-desc\">Bei besonderen Herausforderungen in den Bereichen Personalvermittlung, Personalberatung und Personal\u00fcberlassung greifen wir gern auf die Expertise von Expertum zur\u00fcck.<\/div>\r\n                                           <\/div>\r\n                <\/div>\r\n                            <div class=\"grid-item col-xl-12 col-lg-12 col-md-12 col-sm-12 col-12\">\r\n                    <div class=\"item--inner \">\r\n                        <div class=\"item--holder\">\r\n                        \t                                <div class=\"item--image\">\r\n                                    <a ><\/a>\r\n                                <\/div>\r\n                                                        <div class=\"item--meta\">\r\n                                <h3 class=\"item--title\">    \r\n                                    IFAK                                <\/h3>\r\n                                <ul class=\"item--feature\">\r\n                                                                    <\/ul>\r\n                            <\/div>\r\n                        <\/div>\r\n                        <div class=\"item-desc\">Bei besonderen Herausforderungen im Bereich Marktforschung kooperieren wir mit dem IFAK-Institut.<\/div>\r\n                                           <\/div>\r\n                <\/div>\r\n                            <div class=\"grid-item col-xl-12 col-lg-12 col-md-12 col-sm-12 col-12\">\r\n                    <div class=\"item--inner \">\r\n                        <div class=\"item--holder\">\r\n                        \t                                <div class=\"item--image\">\r\n                                    <a ><\/a>\r\n                                <\/div>\r\n                                                        <div class=\"item--meta\">\r\n                                <h3 class=\"item--title\">    \r\n                                    MARKET CONTROL                                <\/h3>\r\n                                <ul class=\"item--feature\">\r\n                                                                    <\/ul>\r\n                            <\/div>\r\n                        <\/div>\r\n                        <div class=\"item-desc\">Im Bereich Technologie und Software kooperieren wir mit Market Control.<\/div>\r\n                                           <\/div>\r\n                <\/div>\r\n                            <div class=\"grid-item col-xl-12 col-lg-12 col-md-12 col-sm-12 col-12\">\r\n                    <div class=\"item--inner \">\r\n                        <div class=\"item--holder\">\r\n                        \t                                <div class=\"item--image\">\r\n                                    <a ><\/a>\r\n                                <\/div>\r\n                                                        <div class=\"item--meta\">\r\n                                <h3 class=\"item--title\">    \r\n                                    PERICON                                <\/h3>\r\n                                <ul class=\"item--feature\">\r\n                                                                    <\/ul>\r\n                            <\/div>\r\n                        <\/div>\r\n                        <div class=\"item-desc\">Bei besonderen Herausforderungen in den Bereichen Rechnungswesen und Controlling &amp; Corporate Finance kooperieren wir mit der PERICON.<\/div>\r\n                                           <\/div>\r\n                <\/div>\r\n                        <div class=\"grid-sizer col-xl-12 col-lg-12 col-md-12 col-sm-12 col-12\"><\/div>\r\n        <\/div>\r\n    <\/div>\r\n\t\t<\/div>\n\t\t\t\t<\/div>\n\t\t            <\/div>\n        <\/div>\n                            <\/div>\n        <\/section>\n        \t\t\t\t\t<\/div>\n\t\t","protected":false},"excerpt":{"rendered":"<p>Unsere Partner Netzwerken ist eine unserer St\u00e4rken. Doch erfolgreich k\u00f6nnen wir nur dank starker Partner sein. Hier finden Sie einige Beispiele f\u00fcr unser langj\u00e4hrigen Kooperationen: &nbsp; BAFA Wir erf\u00fcllen die Beratereigenschaft im Sinne der aktuellen Rahmenrichtlinie zur F\u00f6rderung unternehmerischen Know-hows des Bundesamts f\u00fcr Wirtschaft und Ausfuhrkontrolle. BDU Wir sind Mitglied des Bundesverbands Deutscher Unternehmensberatungen und [&hellip;]<\/p>\n","protected":false},"author":1,"featured_media":0,"parent":5885,"menu_order":0,"comment_status":"closed","ping_status":"closed","template":"","meta":{"footnotes":""},"class_list":["post-5887","page","type-page","status-publish","hentry"],"_links":{"self":[{"href":"https:\/\/www.amhocon.de\/en\/wp-json\/wp\/v2\/pages\/5887","targetHints":{"allow":["GET"]}}],"collection":[{"href":"https:\/\/www.amhocon.de\/en\/wp-json\/wp\/v2\/pages"}],"about":[{"href":"https:\/\/www.amhocon.de\/en\/wp-json\/wp\/v2\/types\/page"}],"author":[{"embeddable":true,"href":"https:\/\/www.amhocon.de\/en\/wp-json\/wp\/v2\/users\/1"}],"replies":[{"embeddable":true,"href":"https:\/\/www.amhocon.de\/en\/wp-json\/wp\/v2\/comments?post=5887"}],"version-history":[{"count":1,"href":"https:\/\/www.amhocon.de\/en\/wp-json\/wp\/v2\/pages\/5887\/revisions"}],"predecessor-version":[{"id":5888,"href":"https:\/\/www.amhocon.de\/en\/wp-json\/wp\/v2\/pages\/5887\/revisions\/5888"}],"up":[{"embeddable":true,"href":"https:\/\/www.amhocon.de\/en\/wp-json\/wp\/v2\/pages\/5885"}],"wp:attachment":[{"href":"https:\/\/www.amhocon.de\/en\/wp-json\/wp\/v2\/media?parent=5887"}],"curies":[{"name":"wp","href":"https:\/\/api.w.org\/{rel}","templated":true}]}}