{"id":5898,"date":"2022-12-01T14:22:32","date_gmt":"2022-12-01T14:22:32","guid":{"rendered":"https:\/\/www.amhocon.de\/projekte\/"},"modified":"2023-06-12T13:55:11","modified_gmt":"2023-06-12T13:55:11","slug":"projekte","status":"publish","type":"page","link":"https:\/\/www.amhocon.de\/en\/projekte\/","title":{"rendered":"Projekte"},"content":{"rendered":"\t\t<div data-elementor-type=\"wp-page\" data-elementor-id=\"5898\" class=\"elementor elementor-5898 elementor-5303\">\n\t\t\t\t\t\t\t        <section class=\"elementor-section elementor-top-section elementor-element elementor-element-595e705 elementor-section-content-middle elementor-section-boxed elementor-section-height-default elementor-section-height-default ct-header-fixed-none ct-row-max-none\" data-id=\"595e705\" data-element_type=\"section\">\n            \n                        <div class=\"elementor-container elementor-column-gap-extended \">\n                    <div class=\"elementor-column elementor-col-100 elementor-top-column elementor-element elementor-element-fbf6e39\" data-id=\"fbf6e39\" data-element_type=\"column\">\n            <div class=\"elementor-widget-wrap elementor-element-populated\">\n                        \t\t<div class=\"elementor-element elementor-element-e58aff6 elementor-widget elementor-widget-ct_heading\" data-id=\"e58aff6\" data-element_type=\"widget\" data-widget_type=\"ct_heading.default\">\n\t\t\t\t<div class=\"elementor-widget-container\">\n\t\t\t<div id=\"ct_heading-e58aff6\" class=\"ct-heading h-align- sub-style1 ct-heading-left item-st-line-left2\">\r\n\t<div class=\"ct-item--inner\">\r\n        <div class=\"ct-inline-css\"  data-css=\"\r\n            \">\r\n        <\/div>\r\n                <h3 class=\"item--title st-line-left2 case-animate-time\" data-wow-delay=\"ms\">\r\n                        <span class=\"sp-main\">\r\n                                    <i><\/i>\r\n                \r\n                Hessischer Rechnungshof, \u00dcber\u00f6rtliche Pr\u00fcfung kommunaler K\u00f6rperschaften\r\n                \r\n                            <\/span>\r\n                    <\/h3>\r\n    <\/div>\r\n<\/div>\t\t<\/div>\n\t\t\t\t<\/div>\n\t\t            <\/div>\n        <\/div>\n                            <\/div>\n        <\/section>\n                <section class=\"elementor-section elementor-top-section elementor-element elementor-element-6a8d88f elementor-section-boxed elementor-section-height-default elementor-section-height-default ct-header-fixed-none ct-row-max-none\" data-id=\"6a8d88f\" data-element_type=\"section\">\n            \n                        <div class=\"elementor-container elementor-column-gap-extended \">\n                    <div class=\"elementor-column elementor-col-100 elementor-top-column elementor-element elementor-element-0f620d2\" data-id=\"0f620d2\" data-element_type=\"column\">\n            <div class=\"elementor-widget-wrap elementor-element-populated\">\n                        \t\t<div class=\"elementor-element elementor-element-2cd6a8d elementor-widget elementor-widget-text-editor\" data-id=\"2cd6a8d\" data-element_type=\"widget\" data-widget_type=\"text-editor.default\">\n\t\t\t\t<div class=\"elementor-widget-container\">\n\t\t\t<style>\/*! elementor - v3.13.3 - 28-05-2023 *\/\n.elementor-widget-text-editor.elementor-drop-cap-view-stacked .elementor-drop-cap{background-color:#69727d;color:#fff}.elementor-widget-text-editor.elementor-drop-cap-view-framed .elementor-drop-cap{color:#69727d;border:3px solid;background-color:transparent}.elementor-widget-text-editor:not(.elementor-drop-cap-view-default) .elementor-drop-cap{margin-top:8px}.elementor-widget-text-editor:not(.elementor-drop-cap-view-default) .elementor-drop-cap-letter{width:1em;height:1em}.elementor-widget-text-editor .elementor-drop-cap{float:left;text-align:center;line-height:1;font-size:50px}.elementor-widget-text-editor .elementor-drop-cap-letter{display:inline-block}<\/style>\t\t\t\t<div class=\"business_service_content history_section\"><div class=\"row m0 service_post\"><h3>Situation und Aufgabenstellung<\/h3><p>Die \u00dcber\u00f6rtliche Pr\u00fcfung kommunaler K\u00f6rperschaften (kurz \u00dcPKK) ist eine eigenst\u00e4ndige oberste Landesbeh\u00f6rde, die organisatorisch an den Hessischen Rechnungshof angegliedert ist. Die \u00dcPKK pr\u00fcft zu bestimmten Themen regelm\u00e4\u00dfig und vergleichend die kommunalen K\u00f6rperschaften des Bundeslandes Hessen, hierunter fallen unter anderem alle hessischen St\u00e4dte und Gemeinden. Mit der Pr\u00fcfung werden regelm\u00e4\u00dfig Wirtschaftspr\u00fcfungsgesellschaften oder andere geeignete Dritte beauftragt.<\/p><h2>\u00a0<\/h2><h3>Ma\u00dfnahmen und Erfolge<\/h3><p>Seit 2016 hat AMHOCON Management &amp; Consulting regelm\u00e4\u00dfig Teile der Pr\u00fcfungshandlungen in den folgenden \u00dcber\u00f6rtlichen Pr\u00fcfungen \u00fcbernommen:<\/p><ul class=\"overview-list\" style=\"margin-bottom: 20px;\"><li><i class=\"fa fa-check-square-o\"><\/i>190. Vergleichende Pr\u00fcfung &#8220;Abwasserverb\u00e4nde&#8221;,<\/li><li><i class=\"fa fa-check-square-o\"><\/i>210. Vergleichende Pr\u00fcfung &#8220;Haushaltsstruktur 2018: Kleinere Gemeinden&#8221;,<\/li><li><i class=\"fa fa-check-square-o\"><\/i>217. Vergleichende Pr\u00fcfung &#8220;Haushaltsstruktur 2019: Gr\u00f6\u00dfere Gemeinden&#8221;,<\/li><li><i class=\"fa fa-check-square-o\"><\/i>224. Vergleichende Pr\u00fcfung &#8220;Haushaltsstruktur 2020: St\u00e4dte und Gemeinden I&#8221;,<\/li><li><i class=\"fa fa-check-square-o\"><\/i>230. Vergleichende Pr\u00fcfung &#8220;Haushaltsstruktur 2021: Kleine Gemeinden&#8221; (individuelles Aufgabenfeld &#8220;Feuerwehr&#8221;),<\/li><li><i class=\"fa fa-check-square-o\"><\/i>235. Vergleichende Pr\u00fcfung &#8220;Haushaltsstruktur 2022: Kleine Gemeinden&#8221; (individuelles Aufgabenfeld \u201cSpielpl\u00e4tze\u201c)<\/li><\/ul><p>Das Aufgabenspektrum reichte von der Projektleitung \u00fcber die fachliche und organisatorische Konzeption der Pr\u00fcfung bis hin zur Berichtschreibung. Insbesondere bei der Durchf\u00fchrung der \u00f6rtlichen Erhebungen, Begehungen und Besprechungen mit den K\u00f6rperschaften f\u00fchrte die langj\u00e4hrige Kommunalerfahrung von Michael Hofnagel zu einer deutlich h\u00f6heren Akzeptanz. Er konnte zudem zus\u00e4tzliche, praxisorientierte Aspekte bei der Konzeption und Erhebung der pr\u00fcfungsindividuellen Aufgabenfelder einbeziehen, indem er sein weitreichendes Netzwerk nutzte.<\/p><p>\u00a0<\/p><\/div><\/div>\t\t\t\t\t\t<\/div>\n\t\t\t\t<\/div>\n\t\t            <\/div>\n        <\/div>\n                            <\/div>\n        <\/section>\n        \t\t\t\t\t<\/div>\n\t\t","protected":false},"excerpt":{"rendered":"<p>Hessischer Rechnungshof, \u00dcber\u00f6rtliche Pr\u00fcfung kommunaler K\u00f6rperschaften Situation und Aufgabenstellung Die \u00dcber\u00f6rtliche Pr\u00fcfung kommunaler K\u00f6rperschaften (kurz \u00dcPKK) ist eine eigenst\u00e4ndige oberste Landesbeh\u00f6rde, die organisatorisch an den Hessischen Rechnungshof angegliedert ist. Die \u00dcPKK pr\u00fcft zu bestimmten Themen regelm\u00e4\u00dfig und vergleichend die kommunalen K\u00f6rperschaften des Bundeslandes Hessen, hierunter fallen unter anderem alle hessischen St\u00e4dte und Gemeinden. Mit der [&hellip;]<\/p>\n","protected":false},"author":1,"featured_media":0,"parent":0,"menu_order":0,"comment_status":"closed","ping_status":"closed","template":"","meta":{"footnotes":""},"class_list":["post-5898","page","type-page","status-publish","hentry"],"_links":{"self":[{"href":"https:\/\/www.amhocon.de\/en\/wp-json\/wp\/v2\/pages\/5898","targetHints":{"allow":["GET"]}}],"collection":[{"href":"https:\/\/www.amhocon.de\/en\/wp-json\/wp\/v2\/pages"}],"about":[{"href":"https:\/\/www.amhocon.de\/en\/wp-json\/wp\/v2\/types\/page"}],"author":[{"embeddable":true,"href":"https:\/\/www.amhocon.de\/en\/wp-json\/wp\/v2\/users\/1"}],"replies":[{"embeddable":true,"href":"https:\/\/www.amhocon.de\/en\/wp-json\/wp\/v2\/comments?post=5898"}],"version-history":[{"count":1,"href":"https:\/\/www.amhocon.de\/en\/wp-json\/wp\/v2\/pages\/5898\/revisions"}],"predecessor-version":[{"id":5899,"href":"https:\/\/www.amhocon.de\/en\/wp-json\/wp\/v2\/pages\/5898\/revisions\/5899"}],"wp:attachment":[{"href":"https:\/\/www.amhocon.de\/en\/wp-json\/wp\/v2\/media?parent=5898"}],"curies":[{"name":"wp","href":"https:\/\/api.w.org\/{rel}","templated":true}]}}