{"id":5900,"date":"2022-11-15T14:56:07","date_gmt":"2022-11-15T14:56:07","guid":{"rendered":"https:\/\/www.amhocon.de\/schwerpunkte\/"},"modified":"2023-06-12T13:55:47","modified_gmt":"2023-06-12T13:55:47","slug":"schwerpunkte","status":"publish","type":"page","link":"https:\/\/www.amhocon.de\/en\/schwerpunkte\/","title":{"rendered":"Schwerpunkte"},"content":{"rendered":"\t\t<div data-elementor-type=\"wp-page\" data-elementor-id=\"5900\" class=\"elementor elementor-5900 elementor-5192\">\n\t\t\t\t\t\t\t        <section class=\"elementor-section elementor-top-section elementor-element elementor-element-595e705 elementor-section-content-middle elementor-section-boxed elementor-section-height-default elementor-section-height-default ct-header-fixed-none ct-row-max-none\" data-id=\"595e705\" data-element_type=\"section\">\n            \n                        <div class=\"elementor-container elementor-column-gap-extended \">\n                    <div class=\"elementor-column elementor-col-50 elementor-top-column elementor-element elementor-element-fbf6e39\" data-id=\"fbf6e39\" data-element_type=\"column\">\n            <div class=\"elementor-widget-wrap elementor-element-populated\">\n                        \t\t<div class=\"elementor-element elementor-element-e58aff6 elementor-widget elementor-widget-ct_heading\" data-id=\"e58aff6\" data-element_type=\"widget\" data-widget_type=\"ct_heading.default\">\n\t\t\t\t<div class=\"elementor-widget-container\">\n\t\t\t<div id=\"ct_heading-e58aff6\" class=\"ct-heading h-align- sub-style1 ct-heading-left item-st-line-left2\">\r\n\t<div class=\"ct-item--inner\">\r\n        <div class=\"ct-inline-css\"  data-css=\"\r\n            \">\r\n        <\/div>\r\n                <h3 class=\"item--title st-line-left2 case-animate-time\" data-wow-delay=\"ms\">\r\n                        <span class=\"sp-main\">\r\n                                    <i><\/i>\r\n                \r\n                Schwerpunkte\r\n                \r\n                            <\/span>\r\n                    <\/h3>\r\n    <\/div>\r\n<\/div>\t\t<\/div>\n\t\t\t\t<\/div>\n\t\t            <\/div>\n        <\/div>\n                <div class=\"elementor-column elementor-col-50 elementor-top-column elementor-element elementor-element-0bac2d3\" data-id=\"0bac2d3\" data-element_type=\"column\">\n            <div class=\"elementor-widget-wrap\">\n                                    <\/div>\n        <\/div>\n                            <\/div>\n        <\/section>\n                <section class=\"elementor-section elementor-top-section elementor-element elementor-element-6a8d88f elementor-section-boxed elementor-section-height-default elementor-section-height-default ct-header-fixed-none ct-row-max-none\" data-id=\"6a8d88f\" data-element_type=\"section\">\n            \n                        <div class=\"elementor-container elementor-column-gap-extended \">\n                    <div class=\"elementor-column elementor-col-100 elementor-top-column elementor-element elementor-element-0f620d2\" data-id=\"0f620d2\" data-element_type=\"column\">\n            <div class=\"elementor-widget-wrap elementor-element-populated\">\n                        \t\t<div class=\"elementor-element elementor-element-1d60748 elementor-widget elementor-widget-ct_career_grid\" data-id=\"1d60748\" data-element_type=\"widget\" data-widget_type=\"ct_career_grid.default\">\n\t\t\t\t<div class=\"elementor-widget-container\">\n\t\t\t    <div class=\"ct-grid ct-career-grid1\">\r\n        <div class=\"ct-grid-inner ct-grid-masonry row animate-time\" data-gutter=\"7\">\r\n                            <div class=\"grid-item col-xl-12 col-lg-12 col-md-12 col-sm-12 col-12\">\r\n                    <div class=\"item--inner \">\r\n                        <div class=\"item--holder\">\r\n                        \t                                <div class=\"item--image\">\r\n                                    <a ><\/a>\r\n                                <\/div>\r\n                                                        <div class=\"item--meta\">\r\n                                <h3 class=\"item--title\">    \r\n                                    BUSINESS DEVELOPMENT                                <\/h3>\r\n                                <ul class=\"item--feature\">\r\n                                                                    <\/ul>\r\n                            <\/div>\r\n                        <\/div>\r\n                        <div class=\"item-desc\">Wir unterst\u00fctzen Sie bei der strategischen und operativen Weiterentwicklung Ihres Unternehmens. Sie m\u00f6chten neue Gesch\u00e4ftsfelder erschlie\u00dfen, neue Produkte oder Dienstleistungen im Markt voranbringen? Wir sorgen gemeinsam mit Ihnen f\u00fcr die konstante Entwicklung und Umsetzung neuer Gesch\u00e4ftsideen. Wir helfen Ihnen, sich mit dem externen Blick kontinuierlich damit auseinanderzusetzen, wie Sie Ihr Unternehmen weiterentwickeln k\u00f6nnen, sodass zuk\u00fcnftige Kunden mit den Produkten und Dienstleistungen zufrieden sind und Ihr Unternehmen erfolgreich gedeiht.<\/div>\r\n                                           <\/div>\r\n                <\/div>\r\n                            <div class=\"grid-item col-xl-12 col-lg-12 col-md-12 col-sm-12 col-12\">\r\n                    <div class=\"item--inner \">\r\n                        <div class=\"item--holder\">\r\n                        \t                                <div class=\"item--image\">\r\n                                    <a ><\/a>\r\n                                <\/div>\r\n                                                        <div class=\"item--meta\">\r\n                                <h3 class=\"item--title\">    \r\n                                    PERSONALSUCHE &amp; COACHING                                <\/h3>\r\n                                <ul class=\"item--feature\">\r\n                                                                    <\/ul>\r\n                            <\/div>\r\n                        <\/div>\r\n                        <div class=\"item-desc\">Wir unterst\u00fctzen Sie bei Personalsuche und \u2013entwicklung. Wir coachen Ihre Mitarbeiter und F\u00fchrungskr\u00e4fte, sowohl in Wirtschaft wie auch Verwaltung. Dabei analysieren wir den Bedarf gemeinsam mit Ihnen und sorgen f\u00fcr eine praxisbezogene Umsetzung. \n<\/div>\r\n                                           <\/div>\r\n                <\/div>\r\n                            <div class=\"grid-item col-xl-12 col-lg-12 col-md-12 col-sm-12 col-12\">\r\n                    <div class=\"item--inner \">\r\n                        <div class=\"item--holder\">\r\n                        \t                                <div class=\"item--image\">\r\n                                    <a ><\/a>\r\n                                <\/div>\r\n                                                        <div class=\"item--meta\">\r\n                                <h3 class=\"item--title\">    \r\n                                    MARKTFORSCHUNG                                <\/h3>\r\n                                <ul class=\"item--feature\">\r\n                                                                    <\/ul>\r\n                            <\/div>\r\n                        <\/div>\r\n                        <div class=\"item-desc\">Wir entwickeln ma\u00dfgeschneiderte Konzepte f\u00fcr Ihren Bedarf und begleiten Sie bei der Datenerhebung und Analyse.\n<\/div>\r\n                                           <\/div>\r\n                <\/div>\r\n                            <div class=\"grid-item col-xl-12 col-lg-12 col-md-12 col-sm-12 col-12\">\r\n                    <div class=\"item--inner \">\r\n                        <div class=\"item--holder\">\r\n                        \t                                <div class=\"item--image\">\r\n                                    <a ><\/a>\r\n                                <\/div>\r\n                                                        <div class=\"item--meta\">\r\n                                <h3 class=\"item--title\">    \r\n                                    PUBLIC MANAGEMENT                                <\/h3>\r\n                                <ul class=\"item--feature\">\r\n                                                                    <\/ul>\r\n                            <\/div>\r\n                        <\/div>\r\n                        <div class=\"item-desc\">Wir unterst\u00fctzen Sie im Bereich Politik- und Kommunalberatung und helfen Ihnen dabei, sowohl aktuelle Herausforderungen zu bestehen als auch Ihr Poten\u00adzi\u00adal wei\u00adter aus\u00adzubau\u00aden. Dabei greifen wir auf unsere langj\u00e4hrige eigene praktische Expertise in den unterschiedlichsten Bereichen von Politik und Verwaltung ebenso zur\u00fcck, wie auf viele \u201eBest Practice\u201c Beispiele, die wir in unserer langj\u00e4hrigen T\u00e4tigkeit kennenlernen durften.<\/div>\r\n                                           <\/div>\r\n                <\/div>\r\n                            <div class=\"grid-item col-xl-12 col-lg-12 col-md-12 col-sm-12 col-12\">\r\n                    <div class=\"item--inner \">\r\n                        <div class=\"item--holder\">\r\n                        \t                                <div class=\"item--image\">\r\n                                    <a ><\/a>\r\n                                <\/div>\r\n                                                        <div class=\"item--meta\">\r\n                                <h3 class=\"item--title\">    \r\n                                    B2B SALES MANAGEMENT\/OPTIMIERUNG                                <\/h3>\r\n                                <ul class=\"item--feature\">\r\n                                                                    <\/ul>\r\n                            <\/div>\r\n                        <\/div>\r\n                        <div class=\"item-desc\">Die Wettbewerbsgrundlagen verschieben sich durch die zunehmende Digitalisierung sehr schnell. Wir helfen Ihnen dabei, sich weg von einzelnen Produkten und Services hin zu vernetzten Systemen zu entwickeln, neue Gesch\u00e4ftsmodelle und Vertriebssysteme zu erkennen und zu implementieren und diese in das gesamte F\u00fchrungs- und Steuerungssystem Ihres Unternehmens zu integrieren.<\/div>\r\n                                           <\/div>\r\n                <\/div>\r\n                        <div class=\"grid-sizer col-xl-12 col-lg-12 col-md-12 col-sm-12 col-12\"><\/div>\r\n        <\/div>\r\n    <\/div>\r\n\t\t<\/div>\n\t\t\t\t<\/div>\n\t\t            <\/div>\n        <\/div>\n                            <\/div>\n        <\/section>\n        \t\t\t\t\t<\/div>\n\t\t","protected":false},"excerpt":{"rendered":"<p>Schwerpunkte &nbsp; BUSINESS DEVELOPMENT Wir unterst\u00fctzen Sie bei der strategischen und operativen Weiterentwicklung Ihres Unternehmens. Sie m\u00f6chten neue Gesch\u00e4ftsfelder erschlie\u00dfen, neue Produkte oder Dienstleistungen im Markt voranbringen? Wir sorgen gemeinsam mit Ihnen f\u00fcr die konstante Entwicklung und Umsetzung neuer Gesch\u00e4ftsideen. Wir helfen Ihnen, sich mit dem externen Blick kontinuierlich damit auseinanderzusetzen, wie Sie Ihr Unternehmen [&hellip;]<\/p>\n","protected":false},"author":1,"featured_media":0,"parent":0,"menu_order":0,"comment_status":"closed","ping_status":"closed","template":"","meta":{"footnotes":""},"class_list":["post-5900","page","type-page","status-publish","hentry"],"_links":{"self":[{"href":"https:\/\/www.amhocon.de\/en\/wp-json\/wp\/v2\/pages\/5900","targetHints":{"allow":["GET"]}}],"collection":[{"href":"https:\/\/www.amhocon.de\/en\/wp-json\/wp\/v2\/pages"}],"about":[{"href":"https:\/\/www.amhocon.de\/en\/wp-json\/wp\/v2\/types\/page"}],"author":[{"embeddable":true,"href":"https:\/\/www.amhocon.de\/en\/wp-json\/wp\/v2\/users\/1"}],"replies":[{"embeddable":true,"href":"https:\/\/www.amhocon.de\/en\/wp-json\/wp\/v2\/comments?post=5900"}],"version-history":[{"count":1,"href":"https:\/\/www.amhocon.de\/en\/wp-json\/wp\/v2\/pages\/5900\/revisions"}],"predecessor-version":[{"id":5901,"href":"https:\/\/www.amhocon.de\/en\/wp-json\/wp\/v2\/pages\/5900\/revisions\/5901"}],"wp:attachment":[{"href":"https:\/\/www.amhocon.de\/en\/wp-json\/wp\/v2\/media?parent=5900"}],"curies":[{"name":"wp","href":"https:\/\/api.w.org\/{rel}","templated":true}]}}