{"id":5907,"date":"2022-12-01T14:37:12","date_gmt":"2022-12-01T14:37:12","guid":{"rendered":"https:\/\/www.amhocon.de\/taunus-wunderland\/"},"modified":"2023-06-12T13:57:38","modified_gmt":"2023-06-12T13:57:38","slug":"taunus-wunderland","status":"publish","type":"page","link":"https:\/\/www.amhocon.de\/en\/taunus-wunderland\/","title":{"rendered":"Taunus Wunderland"},"content":{"rendered":"\t\t<div data-elementor-type=\"wp-page\" data-elementor-id=\"5907\" class=\"elementor elementor-5907 elementor-5328\">\n\t\t\t\t\t\t\t        <section class=\"elementor-section elementor-top-section elementor-element elementor-element-595e705 elementor-section-content-middle elementor-section-boxed elementor-section-height-default elementor-section-height-default ct-header-fixed-none ct-row-max-none\" data-id=\"595e705\" data-element_type=\"section\">\n            \n                        <div class=\"elementor-container elementor-column-gap-extended \">\n                    <div class=\"elementor-column elementor-col-100 elementor-top-column elementor-element elementor-element-fbf6e39\" data-id=\"fbf6e39\" data-element_type=\"column\">\n            <div class=\"elementor-widget-wrap elementor-element-populated\">\n                                <section class=\"elementor-section elementor-inner-section elementor-element elementor-element-2b5d444 elementor-section-boxed elementor-section-height-default elementor-section-height-default ct-header-fixed-none ct-row-max-none\" data-id=\"2b5d444\" data-element_type=\"section\">\n            \n                        <div class=\"elementor-container elementor-column-gap-default \">\n                    <div class=\"elementor-column elementor-col-50 elementor-inner-column elementor-element elementor-element-cd721f5\" data-id=\"cd721f5\" data-element_type=\"column\">\n            <div class=\"elementor-widget-wrap elementor-element-populated\">\n                        \t\t<div class=\"elementor-element elementor-element-a86e432 elementor-widget elementor-widget-image\" data-id=\"a86e432\" data-element_type=\"widget\" data-widget_type=\"image.default\">\n\t\t\t\t<div class=\"elementor-widget-container\">\n\t\t\t<style>\/*! elementor - v3.13.3 - 28-05-2023 *\/\n.elementor-widget-image{text-align:center}.elementor-widget-image a{display:inline-block}.elementor-widget-image a img[src$=\".svg\"]{width:48px}.elementor-widget-image img{vertical-align:middle;display:inline-block}<\/style>\t\t\t\t\t\t\t\t\t\t\t\t<img decoding=\"async\" width=\"300\" height=\"114\" src=\"https:\/\/www.amhocon.de\/wp-content\/uploads\/2022\/12\/taunus-300x114-1.png\" class=\"attachment-large size-large wp-image-5861\" alt=\"\" \/>\t\t\t\t\t\t\t\t\t\t\t\t\t\t\t<\/div>\n\t\t\t\t<\/div>\n\t\t            <\/div>\n        <\/div>\n                <div class=\"elementor-column elementor-col-50 elementor-inner-column elementor-element elementor-element-afb7b7d\" data-id=\"afb7b7d\" data-element_type=\"column\">\n            <div class=\"elementor-widget-wrap elementor-element-populated\">\n                        \t\t<div class=\"elementor-element elementor-element-e58aff6 elementor-widget elementor-widget-ct_heading\" data-id=\"e58aff6\" data-element_type=\"widget\" data-widget_type=\"ct_heading.default\">\n\t\t\t\t<div class=\"elementor-widget-container\">\n\t\t\t<div id=\"ct_heading-e58aff6\" class=\"ct-heading h-align- sub-style1 ct-heading-left item-st-line-left2\">\r\n\t<div class=\"ct-item--inner\">\r\n        <div class=\"ct-inline-css\"  data-css=\"\r\n            \">\r\n        <\/div>\r\n                <h3 class=\"item--title st-line-left2 case-animate-time\" data-wow-delay=\"ms\">\r\n                        <span class=\"sp-main\">\r\n                                    <i><\/i>\r\n                \r\n                Besucherbefragung\r\n                \r\n                            <\/span>\r\n                    <\/h3>\r\n    <\/div>\r\n<\/div>\t\t<\/div>\n\t\t\t\t<\/div>\n\t\t            <\/div>\n        <\/div>\n                            <\/div>\n        <\/section>\n                    <\/div>\n        <\/div>\n                            <\/div>\n        <\/section>\n                <section class=\"elementor-section elementor-top-section elementor-element elementor-element-6a8d88f elementor-section-boxed elementor-section-height-default elementor-section-height-default ct-header-fixed-none ct-row-max-none\" data-id=\"6a8d88f\" data-element_type=\"section\">\n            \n                        <div class=\"elementor-container elementor-column-gap-extended \">\n                    <div class=\"elementor-column elementor-col-100 elementor-top-column elementor-element elementor-element-0f620d2\" data-id=\"0f620d2\" data-element_type=\"column\">\n            <div class=\"elementor-widget-wrap elementor-element-populated\">\n                        \t\t<div class=\"elementor-element elementor-element-2cd6a8d elementor-widget elementor-widget-text-editor\" data-id=\"2cd6a8d\" data-element_type=\"widget\" data-widget_type=\"text-editor.default\">\n\t\t\t\t<div class=\"elementor-widget-container\">\n\t\t\t<style>\/*! elementor - v3.13.3 - 28-05-2023 *\/\n.elementor-widget-text-editor.elementor-drop-cap-view-stacked .elementor-drop-cap{background-color:#69727d;color:#fff}.elementor-widget-text-editor.elementor-drop-cap-view-framed .elementor-drop-cap{color:#69727d;border:3px solid;background-color:transparent}.elementor-widget-text-editor:not(.elementor-drop-cap-view-default) .elementor-drop-cap{margin-top:8px}.elementor-widget-text-editor:not(.elementor-drop-cap-view-default) .elementor-drop-cap-letter{width:1em;height:1em}.elementor-widget-text-editor .elementor-drop-cap{float:left;text-align:center;line-height:1;font-size:50px}.elementor-widget-text-editor .elementor-drop-cap-letter{display:inline-block}<\/style>\t\t\t\t<div class=\"business_service_content history_section\"><div class=\"row m0 service_post\"><h3>Situation und Aufgabenstellung<\/h3><p>Das Taunus Wunderland ist ein inhabergef\u00fchrter Freizeitpark im s\u00fcdwestlichen Taunus. Auf vier Hektar Fl\u00e4che bietet der Park mehr als 50 Attraktionen und Fahrgesch\u00e4fte, eine Erweiterung der Fl\u00e4che um zus\u00e4tzliche 35.000m\u00b2 ist in den n\u00e4chsten Jahren geplant. Das Konzept f\u00fcr die zuk\u00fcnftigen Gestaltungs- und Ausstattungs-Schwerpunkte sollte sich an den Bed\u00fcrfnissen der Besucher orientieren. Bisher hatte das Parkmanagement jedoch nur wenig Informationen \u00fcber die mehr als 300.000 j\u00e4hrlichen Besucher. Insbesondere deren soziodemografische Strukturdaten, Bed\u00fcrfnisse und Zufriedenheitsgrade wurden bisher nicht kontinuierlich erhoben.<\/p><h3>Ma\u00dfnahmen und Erfolge<\/h3><p>Die AMHOCON Management &amp; Consulting startete ein Projekt zur kontinuierlichen Messung der Besucher-Zufriedenheit mit dem bestehenden Angebot und der Identifizierung von Verbesserungspotentialen. Passgenau lieferte Andrea Hofnagel als Projektleiterin alles aus einer Hand: Entwicklung und Abstimmung des Fragebogens, Personalsuche, Schulung und Betreuung der Interviewer, Feldkontrolle, Datenkontrolle und Analyse. Die technische Basis der Befragung bildete das Softwaretool des Technologiepartners Market Control mittels einer APP zur unkomplizierten Datenerfassung vor Ort.<\/p><p>So konnte das Parkmanagement tagesaktuell wertvolles Feedback der Besucher zu akuten Themen erhalten sowie generell durch die Zufriedenheitsanalysen eine Grundlage f\u00fcr die zuk\u00fcnftige strategische Ausrichtung des Parks gewinnen.<\/p><\/div><\/div>\t\t\t\t\t\t<\/div>\n\t\t\t\t<\/div>\n\t\t            <\/div>\n        <\/div>\n                            <\/div>\n        <\/section>\n        \t\t\t\t\t<\/div>\n\t\t","protected":false},"excerpt":{"rendered":"<p>Besucherbefragung Situation und Aufgabenstellung Das Taunus Wunderland ist ein inhabergef\u00fchrter Freizeitpark im s\u00fcdwestlichen Taunus. Auf vier Hektar Fl\u00e4che bietet der Park mehr als 50 Attraktionen und Fahrgesch\u00e4fte, eine Erweiterung der Fl\u00e4che um zus\u00e4tzliche 35.000m\u00b2 ist in den n\u00e4chsten Jahren geplant. Das Konzept f\u00fcr die zuk\u00fcnftigen Gestaltungs- und Ausstattungs-Schwerpunkte sollte sich an den Bed\u00fcrfnissen der Besucher [&hellip;]<\/p>\n","protected":false},"author":1,"featured_media":0,"parent":0,"menu_order":0,"comment_status":"closed","ping_status":"closed","template":"","meta":{"footnotes":""},"class_list":["post-5907","page","type-page","status-publish","hentry"],"_links":{"self":[{"href":"https:\/\/www.amhocon.de\/en\/wp-json\/wp\/v2\/pages\/5907","targetHints":{"allow":["GET"]}}],"collection":[{"href":"https:\/\/www.amhocon.de\/en\/wp-json\/wp\/v2\/pages"}],"about":[{"href":"https:\/\/www.amhocon.de\/en\/wp-json\/wp\/v2\/types\/page"}],"author":[{"embeddable":true,"href":"https:\/\/www.amhocon.de\/en\/wp-json\/wp\/v2\/users\/1"}],"replies":[{"embeddable":true,"href":"https:\/\/www.amhocon.de\/en\/wp-json\/wp\/v2\/comments?post=5907"}],"version-history":[{"count":1,"href":"https:\/\/www.amhocon.de\/en\/wp-json\/wp\/v2\/pages\/5907\/revisions"}],"predecessor-version":[{"id":5908,"href":"https:\/\/www.amhocon.de\/en\/wp-json\/wp\/v2\/pages\/5907\/revisions\/5908"}],"wp:attachment":[{"href":"https:\/\/www.amhocon.de\/en\/wp-json\/wp\/v2\/media?parent=5907"}],"curies":[{"name":"wp","href":"https:\/\/api.w.org\/{rel}","templated":true}]}}